{"id":3462,"date":"2024-04-09T17:09:33","date_gmt":"2024-04-09T15:09:33","guid":{"rendered":"https:\/\/dominicans.app\/contact\/"},"modified":"2026-01-04T19:40:24","modified_gmt":"2026-01-04T18:40:24","slug":"contact","status":"publish","type":"page","link":"https:\/\/dominicains.ca\/en\/contact\/","title":{"rendered":"Contact"},"content":{"rendered":"\t\t<div data-elementor-type=\"wp-page\" data-elementor-id=\"3462\" class=\"elementor elementor-3462 elementor-703\">\n\t\t\t\t\t\t<section class=\"elementor-section elementor-top-section elementor-element elementor-element-54b4bbf elementor-section-height-min-height elementor-section-items-stretch elementor-section-boxed elementor-section-height-default\" data-id=\"54b4bbf\" data-element_type=\"section\" data-settings=\"{&quot;jet_parallax_layout_list&quot;:[{&quot;jet_parallax_layout_image&quot;:{&quot;url&quot;:&quot;&quot;,&quot;id&quot;:&quot;&quot;,&quot;size&quot;:&quot;&quot;},&quot;_id&quot;:&quot;8ce434a&quot;,&quot;jet_parallax_layout_image_tablet&quot;:{&quot;url&quot;:&quot;&quot;,&quot;id&quot;:&quot;&quot;,&quot;size&quot;:&quot;&quot;},&quot;jet_parallax_layout_image_mobile&quot;:{&quot;url&quot;:&quot;&quot;,&quot;id&quot;:&quot;&quot;,&quot;size&quot;:&quot;&quot;},&quot;jet_parallax_layout_speed&quot;:{&quot;unit&quot;:&quot;%&quot;,&quot;size&quot;:&quot;50&quot;,&quot;sizes&quot;:[]},&quot;jet_parallax_layout_bg_x&quot;:&quot;50&quot;,&quot;jet_parallax_layout_bg_y&quot;:&quot;50&quot;,&quot;jet_parallax_layout_type&quot;:&quot;scroll&quot;,&quot;jet_parallax_layout_direction&quot;:null,&quot;jet_parallax_layout_fx_direction&quot;:null,&quot;jet_parallax_layout_z_index&quot;:&quot;&quot;,&quot;jet_parallax_layout_bg_x_tablet&quot;:&quot;&quot;,&quot;jet_parallax_layout_bg_x_mobile&quot;:&quot;&quot;,&quot;jet_parallax_layout_bg_y_tablet&quot;:&quot;&quot;,&quot;jet_parallax_layout_bg_y_mobile&quot;:&quot;&quot;,&quot;jet_parallax_layout_bg_size&quot;:&quot;auto&quot;,&quot;jet_parallax_layout_bg_size_tablet&quot;:&quot;&quot;,&quot;jet_parallax_layout_bg_size_mobile&quot;:&quot;&quot;,&quot;jet_parallax_layout_animation_prop&quot;:&quot;transform&quot;,&quot;jet_parallax_layout_on&quot;:[&quot;desktop&quot;,&quot;tablet&quot;]}],&quot;background_background&quot;:&quot;classic&quot;}\">\n\t\t\t\t\t\t<div class=\"elementor-container elementor-column-gap-default\">\n\t\t\t\t\t<div class=\"elementor-column elementor-col-100 elementor-top-column elementor-element elementor-element-a2020a2\" data-id=\"a2020a2\" data-element_type=\"column\">\n\t\t\t<div class=\"elementor-widget-wrap elementor-element-populated\">\n\t\t\t\t\t\t<div class=\"elementor-element elementor-element-01496f5 elementor-align-center elementor-widget elementor-widget-raven-heading\" data-id=\"01496f5\" data-element_type=\"widget\" data-widget_type=\"raven-heading.default\">\n\t\t\t\t<div class=\"elementor-widget-container\">\n\t\t\t\t\t<div class=\"raven-widget-wrapper\"><h1 class=\"raven-heading raven-heading-h1\"><span class=\"raven-heading-title \">Contact us<\/span><\/h1><\/div>\n\t\t\t\t<\/div>\n\t\t\t\t<\/div>\n\t\t\t\t\t<\/div>\n\t\t<\/div>\n\t\t\t\t\t<\/div>\n\t\t<\/section>\n\t\t\t\t<section class=\"elementor-section elementor-top-section elementor-element elementor-element-e018fe0 elementor-section-boxed elementor-section-height-default elementor-section-height-default\" data-id=\"e018fe0\" data-element_type=\"section\" data-settings=\"{&quot;jet_parallax_layout_list&quot;:[{&quot;jet_parallax_layout_image&quot;:{&quot;url&quot;:&quot;&quot;,&quot;id&quot;:&quot;&quot;,&quot;size&quot;:&quot;&quot;},&quot;_id&quot;:&quot;591779e&quot;,&quot;jet_parallax_layout_image_tablet&quot;:{&quot;url&quot;:&quot;&quot;,&quot;id&quot;:&quot;&quot;,&quot;size&quot;:&quot;&quot;},&quot;jet_parallax_layout_image_mobile&quot;:{&quot;url&quot;:&quot;&quot;,&quot;id&quot;:&quot;&quot;,&quot;size&quot;:&quot;&quot;},&quot;jet_parallax_layout_speed&quot;:{&quot;unit&quot;:&quot;%&quot;,&quot;size&quot;:&quot;50&quot;,&quot;sizes&quot;:[]},&quot;jet_parallax_layout_bg_x&quot;:&quot;50&quot;,&quot;jet_parallax_layout_bg_y&quot;:&quot;50&quot;,&quot;jet_parallax_layout_type&quot;:&quot;scroll&quot;,&quot;jet_parallax_layout_direction&quot;:null,&quot;jet_parallax_layout_fx_direction&quot;:null,&quot;jet_parallax_layout_z_index&quot;:&quot;&quot;,&quot;jet_parallax_layout_bg_x_tablet&quot;:&quot;&quot;,&quot;jet_parallax_layout_bg_x_mobile&quot;:&quot;&quot;,&quot;jet_parallax_layout_bg_y_tablet&quot;:&quot;&quot;,&quot;jet_parallax_layout_bg_y_mobile&quot;:&quot;&quot;,&quot;jet_parallax_layout_bg_size&quot;:&quot;auto&quot;,&quot;jet_parallax_layout_bg_size_tablet&quot;:&quot;&quot;,&quot;jet_parallax_layout_bg_size_mobile&quot;:&quot;&quot;,&quot;jet_parallax_layout_animation_prop&quot;:&quot;transform&quot;,&quot;jet_parallax_layout_on&quot;:[&quot;desktop&quot;,&quot;tablet&quot;]}]}\">\n\t\t\t\t\t\t<div class=\"elementor-container elementor-column-gap-default\">\n\t\t\t\t\t<div class=\"elementor-column elementor-col-50 elementor-top-column elementor-element elementor-element-93db54a\" data-id=\"93db54a\" data-element_type=\"column\">\n\t\t\t<div class=\"elementor-widget-wrap elementor-element-populated\">\n\t\t\t\t\t\t<div class=\"elementor-element elementor-element-c73e5b9 elementor-align-center elementor-widget elementor-widget-raven-heading\" data-id=\"c73e5b9\" data-element_type=\"widget\" data-widget_type=\"raven-heading.default\">\n\t\t\t\t<div class=\"elementor-widget-container\">\n\t\t\t\t\t<div class=\"raven-widget-wrapper\"><h2 class=\"raven-heading raven-heading-h2 raven-heading-norman-double\"><span class=\"raven-heading-title \">Provincial office<\/span><\/h2><\/div>\n\t\t\t\t<\/div>\n\t\t\t\t<\/div>\n\t\t\t\t<div class=\"elementor-element elementor-element-b8fbdda elementor-widget elementor-widget-text-editor\" data-id=\"b8fbdda\" data-element_type=\"widget\" data-widget_type=\"text-editor.default\">\n\t\t\t\t<div class=\"elementor-widget-container\">\n\t\t\t\t\t\t\t<p><strong>Dominicans of Canada<\/strong><\/p><p>4901 RUE DU PIEDMONT<\/p><p>MONTR\u00c9AL QC\u00a0 H3V 1E3<\/p>\t\t\t\t\t\t<\/div>\n\t\t\t\t<\/div>\n\t\t\t\t<div class=\"elementor-element elementor-element-ef90219 elementor-widget elementor-widget-text-editor\" data-id=\"ef90219\" data-element_type=\"widget\" data-widget_type=\"text-editor.default\">\n\t\t\t\t<div class=\"elementor-widget-container\">\n\t\t\t\t\t\t\t<p>Email: <a href=\"mailto:assistant_provincial@dominicains.ca\"><strong>assistant_provincial@dominicains.ca<\/strong><\/a><\/p>\t\t\t\t\t\t<\/div>\n\t\t\t\t<\/div>\n\t\t\t\t<div class=\"elementor-element elementor-element-dadda46 elementor-align-center elementor-widget elementor-widget-raven-heading\" data-id=\"dadda46\" data-element_type=\"widget\" data-widget_type=\"raven-heading.default\">\n\t\t\t\t<div class=\"elementor-widget-container\">\n\t\t\t\t\t<div class=\"raven-widget-wrapper\"><h2 class=\"raven-heading raven-heading-h2 raven-heading-norman-double\"><span class=\"raven-heading-title \">National vocations Director<\/span><\/h2><\/div>\n\t\t\t\t<\/div>\n\t\t\t\t<\/div>\n\t\t\t\t<div class=\"elementor-element elementor-element-de4432d social-icon-shape--circle content-alignment--center card-layout--standard hover-effect--none equal-height--yes elementor-widget elementor-widget-raven-team-members\" data-id=\"de4432d\" data-element_type=\"widget\" data-widget_type=\"raven-team-members.default\">\n\t\t\t\t<div class=\"elementor-widget-container\">\n\t\t\t\t\t<div class=\"raven-team-members-wrapper\">\n\t\t\t\t\t\t\t<div class=\"elementor-repeater-item-1a855d5 team-member\">\n\t\t\t\t\t<div class=\"team-member--image-container\">\t\t<div class=\"team-member--image-wrapper\">\n\t\t\t\t\t\t<img decoding=\"async\" class=\"team-member--image\" src=\"https:\/\/dominicains.ca\/wp-content\/uploads\/2024\/08\/Fr.-Jose-Apolinario-Kahombo.jpg\" alt=\"\">\n\t\t\t\t\t<\/div>\n\t\t<\/div>\t\t<div class=\"team-member--content\">\n\t\t\t<h2 class=\"team-member--name\">Fr. Jos\u00e9 Apolin\u00e1rio Kahombo, o.p. <\/h2><div class=\"team-member--position\" title=\"National Vocations Director\">National Vocations Director<\/div><p class=\"team-member--description\"><\/p><div class=\"social-icons-wrapper\"><div class=\"team-member--social\"><a class=\"social-email\" title=\"email\" href=\"mailto:jose.apolinario@uottawa.ca\"><i aria-hidden=\"true\" class=\"fas fa-envelope\"><\/i><\/a><\/div><\/div>\t\t<\/div>\n\t\t\t\t\t\t<\/div>\n\t\t\t\t\t<\/div>\n\t\t\t\t<\/div>\n\t\t\t\t<\/div>\n\t\t\t\t<div class=\"elementor-element elementor-element-1da001d elementor-align-center elementor-widget elementor-widget-raven-heading\" data-id=\"1da001d\" data-element_type=\"widget\" data-widget_type=\"raven-heading.default\">\n\t\t\t\t<div class=\"elementor-widget-container\">\n\t\t\t\t\t<div class=\"raven-widget-wrapper\"><h2 class=\"raven-heading raven-heading-h2 raven-heading-norman-double\"><span class=\"raven-heading-title \">Regional vocations promoters<\/span><\/h2><\/div>\n\t\t\t\t<\/div>\n\t\t\t\t<\/div>\n\t\t\t\t<div class=\"elementor-element elementor-element-ab7822f social-icon-shape--circle card-layout--standard content-alignment--left hover-effect--none equal-height--yes elementor-widget elementor-widget-raven-team-members\" data-id=\"ab7822f\" data-element_type=\"widget\" data-widget_type=\"raven-team-members.default\">\n\t\t\t\t<div class=\"elementor-widget-container\">\n\t\t\t\t\t<div class=\"raven-team-members-wrapper\">\n\t\t\t\t\t\t\t<div class=\"elementor-repeater-item-1a855d5 team-member\">\n\t\t\t\t\t<div class=\"team-member--image-container\">\t\t<div class=\"team-member--image-wrapper\">\n\t\t\t\t\t\t<img decoding=\"async\" class=\"team-member--image\" src=\"https:\/\/dominicains.ca\/wp-content\/uploads\/2024\/08\/Fr.-Mathieu-Vezina-o.p.jpg\" alt=\"\">\n\t\t\t\t\t<\/div>\n\t\t<\/div>\t\t<div class=\"team-member--content\">\n\t\t\t<h2 class=\"team-member--name\">Fr.\nMathieu V\u00e9zina, o.p. <\/h2><div class=\"team-member--position\" title=\"Regional Vocations Promoter for Toronto  \">Regional Vocations Promoter for Toronto  <\/div><p class=\"team-member--description\"><\/p><div class=\"social-icons-wrapper\"><div class=\"team-member--social\"><a class=\"social-email\" title=\"email\" href=\"mailto:matvez@hotmail.com\"><i aria-hidden=\"true\" class=\"fas fa-envelope\"><\/i><\/a><\/div><\/div>\t\t<\/div>\n\t\t\t\t\t\t<\/div>\n\t\t\t\t\t\t\t<div class=\"elementor-repeater-item-8329226 team-member\">\n\t\t\t\t\t<div class=\"team-member--image-container\">\t\t<div class=\"team-member--image-wrapper\">\n\t\t\t\t\t\t<img decoding=\"async\" class=\"team-member--image\" src=\"https:\/\/dominicains.ca\/wp-content\/uploads\/2024\/09\/Fr.-Davide-Bellusci-o.p.jpg\" alt=\"\">\n\t\t\t\t\t<\/div>\n\t\t<\/div>\t\t<div class=\"team-member--content\">\n\t\t\t<h2 class=\"team-member--name\">Fr.\nDavid Bellusci <\/h2><div class=\"team-member--position\" title=\"Regional Vocations Promoter for Western Canada  \">Regional Vocations Promoter for Western Canada  <\/div><p class=\"team-member--description\"><\/p><div class=\"social-icons-wrapper\"><div class=\"team-member--social\"><a class=\"social-email\" title=\"email\" href=\"mailto:davidbellusci@yahoo.ca\"><i aria-hidden=\"true\" class=\"fas fa-envelope\"><\/i><\/a><\/div><\/div>\t\t<\/div>\n\t\t\t\t\t\t<\/div>\n\t\t\t\t\t\t\t<div class=\"elementor-repeater-item-9e2c78c team-member\">\n\t\t\t\t\t<div class=\"team-member--image-container\">\t\t<div class=\"team-member--image-wrapper\">\n\t\t\t\t\t\t<img decoding=\"async\" class=\"team-member--image\" src=\"https:\/\/dominicains.ca\/wp-content\/uploads\/2024\/08\/Fr.-Peace-Michael.jpg\" alt=\"\">\n\t\t\t\t\t<\/div>\n\t\t<\/div>\t\t<div class=\"team-member--content\">\n\t\t\t<h2 class=\"team-member--name\">Fr.\nPeace-Michael Mushimiyimana <\/h2><div class=\"team-member--position\" title=\"Regional Vocations Promoter for Montreal  \">Regional Vocations Promoter for Montreal  <\/div><p class=\"team-member--description\"><\/p><div class=\"social-icons-wrapper\"><div class=\"team-member--social\"><a class=\"social-email\" title=\"email\" href=\"mailto:m.4peace@aol.co.uk\"><i aria-hidden=\"true\" class=\"fas fa-envelope\"><\/i><\/a><\/div><\/div>\t\t<\/div>\n\t\t\t\t\t\t<\/div>\n\t\t\t\t\t\t\t<div class=\"elementor-repeater-item-0e25b6c team-member\">\n\t\t\t\t\t<div class=\"team-member--image-container\">\t\t<div class=\"team-member--image-wrapper\">\n\t\t\t\t\t\t<img decoding=\"async\" class=\"team-member--image\" src=\"https:\/\/dominicains.ca\/wp-content\/uploads\/2024\/08\/Fr.-Lamphone-Phonevilay-o.p.jpg\" alt=\"\">\n\t\t\t\t\t<\/div>\n\t\t<\/div>\t\t<div class=\"team-member--content\">\n\t\t\t<h2 class=\"team-member--name\">Fr.\nLamphone Phonevilay <\/h2><div class=\"team-member--position\" title=\"Regional Vocations Promoter for Qu\u00e9bec  \">Regional Vocations Promoter for Qu\u00e9bec  <\/div><p class=\"team-member--description\"><\/p><div class=\"social-icons-wrapper\"><div class=\"team-member--social\"><a class=\"social-email\" title=\"email\" href=\"mailto:lamphone.phonevilay@gmail.com\"><i aria-hidden=\"true\" class=\"fas fa-envelope\"><\/i><\/a><\/div><\/div>\t\t<\/div>\n\t\t\t\t\t\t<\/div>\n\t\t\t\t\t\t\t<div class=\"elementor-repeater-item-ea3cc9b team-member\">\n\t\t\t\t\t<div class=\"team-member--image-container\">\t\t<div class=\"team-member--image-wrapper\">\n\t\t\t\t\t\t<img decoding=\"async\" class=\"team-member--image\" src=\"https:\/\/dominicains.ca\/wp-content\/uploads\/2026\/01\/user-alt-1-svgrepo-com.png\" alt=\"\">\n\t\t\t\t\t<\/div>\n\t\t<\/div>\t\t<div class=\"team-member--content\">\n\t\t\t<h2 class=\"team-member--name\">TBD<\/h2><div class=\"team-member--position\" title=\"Regional Vocations Promoter for Ottawa-Gatineau  \">Regional Vocations Promoter for Ottawa-Gatineau  <\/div><p class=\"team-member--description\"><\/p><div class=\"social-icons-wrapper\"><div class=\"team-member--social\"><a class=\"social-email\" title=\"email\" href=\"mailto:jose.apolinario@uottawa.ca\"><i aria-hidden=\"true\" class=\"fas fa-envelope\"><\/i><\/a><\/div><\/div>\t\t<\/div>\n\t\t\t\t\t\t<\/div>\n\t\t\t\t\t\t\t<div class=\"elementor-repeater-item-7c5016c team-member\">\n\t\t\t\t\t<div class=\"team-member--image-container\">\t\t<div class=\"team-member--image-wrapper\">\n\t\t\t\t\t\t<img decoding=\"async\" class=\"team-member--image\" src=\"https:\/\/dominicains.ca\/wp-content\/uploads\/2024\/09\/Fr.-Sato-Antonio-Ryo-3.jpg\" alt=\"\">\n\t\t\t\t\t<\/div>\n\t\t<\/div>\t\t<div class=\"team-member--content\">\n\t\t\t<h2 class=\"team-member--name\">Fr.\nSato Antonio-Ryo <\/h2><div class=\"team-member--position\" title=\"Regional Vocations Promoter for Japan\">Regional Vocations Promoter for Japan<\/div><p class=\"team-member--description\"><\/p><div class=\"social-icons-wrapper\"><div class=\"team-member--social\"><a class=\"social-email\" title=\"email\" href=\"mailto:antonio_ryo_sato_op@yahoo.co.jp\"><i aria-hidden=\"true\" class=\"fas fa-envelope\"><\/i><\/a><\/div><\/div>\t\t<\/div>\n\t\t\t\t\t\t<\/div>\n\t\t\t\t\t<\/div>\n\t\t\t\t<\/div>\n\t\t\t\t<\/div>\n\t\t\t\t\t<\/div>\n\t\t<\/div>\n\t\t\t\t<div class=\"elementor-column elementor-col-50 elementor-top-column elementor-element elementor-element-ef434c9\" data-id=\"ef434c9\" data-element_type=\"column\" data-settings=\"{&quot;background_background&quot;:&quot;classic&quot;}\">\n\t\t\t<div class=\"elementor-widget-wrap elementor-element-populated\">\n\t\t\t\t\t\t<div class=\"elementor-element elementor-element-6054f6c elementor-widget elementor-widget-text-editor\" data-id=\"6054f6c\" data-element_type=\"widget\" data-widget_type=\"text-editor.default\">\n\t\t\t\t<div class=\"elementor-widget-container\">\n\t\t\t\t\t\t\t<p><strong>To send us your comments and suggestions, or for information on the Dominican vocation, simply write to us using the contact form or directly to the e-mail address on the left.<\/strong><\/p>\n\t\t\t\t\t\t<\/div>\n\t\t\t\t<\/div>\n\t\t\t\t<div class=\"elementor-element elementor-element-1617c63 raven-form-button-align-spaced elementor-widget elementor-widget-raven-form\" data-id=\"1617c63\" data-element_type=\"widget\" data-settings=\"{&quot;fields&quot;:[{&quot;placeholder&quot;:&quot;Name&quot;,&quot;_id&quot;:&quot;16e1a99&quot;,&quot;acceptance_text&quot;:null,&quot;rows&quot;:null,&quot;step_previous_button&quot;:null,&quot;step_next_button&quot;:null,&quot;label&quot;:&quot;Name&quot;,&quot;index&quot;:0,&quot;type&quot;:&quot;text&quot;,&quot;recaptcha_badge&quot;:null,&quot;recaptcha_theme&quot;:null,&quot;recaptcha_size&quot;:null,&quot;checked_by_default&quot;:null,&quot;min_time&quot;:null,&quot;max_time&quot;:null,&quot;min_date&quot;:null,&quot;max_date&quot;:null,&quot;localization&quot;:null,&quot;min&quot;:null,&quot;max&quot;:null,&quot;field_options&quot;:null,&quot;inline_list&quot;:null,&quot;field_html&quot;:null,&quot;native_html5&quot;:null,&quot;multiple_selection&quot;:null,&quot;required&quot;:&quot;&quot;,&quot;iti_tel&quot;:null,&quot;iti_tel_tel_type&quot;:null,&quot;iti_tel_require_area&quot;:null,&quot;iti_tel_allow_dropdown&quot;:null,&quot;iti_tel_country_include&quot;:null,&quot;iti_tel_ip_detect&quot;:null,&quot;iti_tel_internationalize&quot;:null,&quot;file_sizes&quot;:null,&quot;file_types&quot;:null,&quot;allow_multiple_upload&quot;:null,&quot;max_files&quot;:null,&quot;step_icon&quot;:null,&quot;width&quot;:&quot;100&quot;,&quot;field_value&quot;:&quot;&quot;,&quot;field_custom_id&quot;:&quot;&quot;},{&quot;type&quot;:&quot;email&quot;,&quot;placeholder&quot;:&quot;Email address&quot;,&quot;required&quot;:&quot;true&quot;,&quot;_id&quot;:&quot;7ebac00&quot;,&quot;acceptance_text&quot;:null,&quot;rows&quot;:null,&quot;step_previous_button&quot;:null,&quot;step_next_button&quot;:null,&quot;label&quot;:&quot;Email&quot;,&quot;index&quot;:1,&quot;recaptcha_badge&quot;:null,&quot;recaptcha_theme&quot;:null,&quot;recaptcha_size&quot;:null,&quot;checked_by_default&quot;:null,&quot;min_time&quot;:null,&quot;max_time&quot;:null,&quot;min_date&quot;:null,&quot;max_date&quot;:null,&quot;localization&quot;:null,&quot;min&quot;:null,&quot;max&quot;:null,&quot;field_options&quot;:null,&quot;inline_list&quot;:null,&quot;field_html&quot;:null,&quot;native_html5&quot;:null,&quot;multiple_selection&quot;:null,&quot;iti_tel&quot;:null,&quot;iti_tel_tel_type&quot;:null,&quot;iti_tel_require_area&quot;:null,&quot;iti_tel_allow_dropdown&quot;:null,&quot;iti_tel_country_include&quot;:null,&quot;iti_tel_ip_detect&quot;:null,&quot;iti_tel_internationalize&quot;:null,&quot;file_sizes&quot;:null,&quot;file_types&quot;:null,&quot;allow_multiple_upload&quot;:null,&quot;max_files&quot;:null,&quot;step_icon&quot;:null,&quot;width&quot;:&quot;100&quot;,&quot;field_value&quot;:&quot;&quot;,&quot;field_custom_id&quot;:&quot;&quot;},{&quot;type&quot;:&quot;textarea&quot;,&quot;placeholder&quot;:&quot;Write a message&quot;,&quot;_id&quot;:&quot;fed19b2&quot;,&quot;acceptance_text&quot;:null,&quot;rows&quot;:13,&quot;step_previous_button&quot;:null,&quot;step_next_button&quot;:null,&quot;label&quot;:&quot;Message&quot;,&quot;index&quot;:2,&quot;recaptcha_badge&quot;:null,&quot;recaptcha_theme&quot;:null,&quot;recaptcha_size&quot;:null,&quot;checked_by_default&quot;:null,&quot;min_time&quot;:null,&quot;max_time&quot;:null,&quot;min_date&quot;:null,&quot;max_date&quot;:null,&quot;localization&quot;:null,&quot;min&quot;:null,&quot;max&quot;:null,&quot;field_options&quot;:null,&quot;inline_list&quot;:null,&quot;field_html&quot;:null,&quot;native_html5&quot;:null,&quot;multiple_selection&quot;:null,&quot;required&quot;:&quot;&quot;,&quot;iti_tel&quot;:null,&quot;iti_tel_tel_type&quot;:null,&quot;iti_tel_require_area&quot;:null,&quot;iti_tel_allow_dropdown&quot;:null,&quot;iti_tel_country_include&quot;:null,&quot;iti_tel_ip_detect&quot;:null,&quot;iti_tel_internationalize&quot;:null,&quot;file_sizes&quot;:null,&quot;file_types&quot;:null,&quot;allow_multiple_upload&quot;:null,&quot;max_files&quot;:null,&quot;step_icon&quot;:null,&quot;width&quot;:&quot;100&quot;,&quot;field_value&quot;:&quot;&quot;,&quot;field_custom_id&quot;:&quot;&quot;}],&quot;steps_type&quot;:&quot;number&quot;,&quot;steps_icon_shape&quot;:&quot;circle&quot;}\" data-widget_type=\"raven-form.default\">\n\t\t\t\t<div class=\"elementor-widget-container\">\n\t\t\t\t\t<form class=\"raven-form raven-flex raven-flex-wrap raven-flex-bottom raven-hide-required-mark\" method=\"post\" name=\"New form\">\n\t\t\t<input type=\"hidden\" name=\"post_id\" value=\"3462\" \/>\n\t\t\t<input type=\"hidden\" name=\"form_id\" value=\"1617c63\" \/>\n\t\t\t\t\t<div id=\"raven-field-group-16e1a99\" class=\"raven-flex-wrap raven-field-type-text raven-field-group elementor-column elementor-col-100\">\n\t\t\t\t\t<input\n\t\t\toninput=\"onInvalidRavenFormField(event)\"\n\t\t\toninvalid=\"onInvalidRavenFormField(event)\"\n\t\t\ttype=\"text\" name=\"fields[16e1a99]\" id=\"form-field-16e1a99\" class=\"raven-field\" placeholder=\"Name\" data-type=\"text\">\n\t\t\t\t<\/div>\n\t\t\t\t<div id=\"raven-field-group-7ebac00\" class=\"raven-flex-wrap raven-field-type-email raven-field-group elementor-column elementor-col-100 raven-field-required\">\n\t\t\t\t\t<input\n\t\t\toninput=\"onInvalidRavenFormField(event)\"\n\t\t\toninvalid=\"onInvalidRavenFormField(event)\"\n\t\t\ttype=\"email\" name=\"fields[7ebac00]\" id=\"form-field-7ebac00\" class=\"raven-field\" placeholder=\"Email address\" data-type=\"email\" required=\"required\">\n\t\t\t\t<\/div>\n\t\t\t\t<div id=\"raven-field-group-fed19b2\" class=\"raven-flex-wrap raven-field-type-textarea raven-field-group elementor-column elementor-col-100\">\n\t\t\t\t\t<textarea\n\t\t\toninput=\"onInvalidRavenFormField(event)\"\n\t\t\toninvalid=\"onInvalidRavenFormField(event)\"\n\t\t\ttype=\"textarea\" name=\"fields[fed19b2]\" id=\"form-field-fed19b2\" class=\"raven-field\" placeholder=\"Write a message\" data-type=\"textarea\"\t\t\trows=\"13\"><\/textarea>\n\t\t\t\t<\/div>\n\t\t\t\t\t\t\t<div class=\"raven-field-group raven-field-type-submit-button elementor-column elementor-col-100\">\n\t\t\t\t\t\t\t\t\t<button class=\"raven-submit-button\" type=\"submit\">\n\t\t\t\t\t\t<span>Send message<\/span>\n\t\t<\/button>\n\t\t\t\t\t\t\t<\/div>\n\t\t\t\t<\/form>\n\n\t\t\t\t\t\t<\/div>\n\t\t\t\t<\/div>\n\t\t\t\t<div class=\"elementor-element elementor-element-f4d577b raven-flip-box--effect-slide raven-flip-box--direction-up elementor-widget elementor-widget-raven-flip-box\" data-id=\"f4d577b\" data-element_type=\"widget\" data-widget_type=\"raven-flip-box.default\">\n\t\t\t\t<div class=\"elementor-widget-container\">\n\t\t\t\t\t<div class=\"raven-flip-box\">\n\t\t\t\t\t<div class=\"raven-flip-box__layer raven-flip-box__front\">\n\t\t\t<div class=\"raven-flip-box__layer__overlay\">\n\t\t\t\t<div class=\"raven-flip-box__layer__inner\">\n\t\t\t\t\t\t\t\t\t\t\t<div class=\"elementor-icon-wrapper elementor-view-framed elementor-shape-circle\">\n\t\t\t\t\t\t\t<div class=\"elementor-icon\">\n\t\t\t\t\t\t\t\t<i class=\"fas fa-hanukiah\"><\/i>\t\t\t\t\t\t\t<\/div>\n\t\t\t\t\t\t<\/div>\n\t\t\t\t\t\n\t\t\t\t\t\t\t\t\t\t\t<h3 class=\"raven-flip-box__layer__title\">\n\t\t\t\t\t\t\tSupport the mission of our Province\t\t\t\t\t\t<\/h3>\n\t\t\t\t\t\n\t\t\t\t\t\t\t\t\t<\/div>\n\t\t\t<\/div>\n\t\t<\/div>\n\t\t\t\t\t<div class=\"raven-flip-box__layer raven-flip-box__back\"\t\t\t>\n\n\t\t\t<div class=\"raven-flip-box__layer__overlay\">\n\t\t\t\t<div class=\"raven-flip-box__layer__inner\">\n\t\t\t\t\t\n\t\t\t\t\t\t\t\t\t\t\t<div class=\"raven-flip-box__layer__description\">\n\t\t\t\t\t\t\tMore than ever, your support is essential to our mission of serving the Gospel.\nFirst and foremost, it enables us to support the formation of the young brothers who join us. \t\t\t\t\t\t<\/div>\n\t\t\t\t\t\n\t\t\t\t\t\t\t\t\t\t<a href=\"https:\/\/dominicains.ca\/en\/support-the-mission-of-our-province\/\" class=\"raven-flip-box__button elementor-button elementor-size-sm\"\t\t\t\t\t>\n\t\t\t\t\t\tI would like to contribute\t\t\t\t<\/a>\n\t\t\t\t\t\t\t<\/div>\n\n\t\t<\/div>\n\t\t<\/div>\n\t\t<\/div>\n\t\t\t\t<\/div>\n\t\t\t\t<\/div>\n\t\t\t\t\t<\/div>\n\t\t<\/div>\n\t\t\t\t\t<\/div>\n\t\t<\/section>\n\t\t\t\t<\/div>\n\t\t","protected":false},"excerpt":{"rendered":"<p>Contact us Provincial office Dominicans of Canada 4901 RUE DU PIEDMONT MONTR\u00c9AL QC\u00a0 H3V 1E3 Email: assistant_provincial@dominicains.ca National vocations Director Fr. Jos\u00e9 Apolin\u00e1rio Kahombo, o.p. National Vocations Director Regional vocations promoters Fr. Mathieu V\u00e9zina, o.p. Regional Vocations Promoter for Toronto Fr. David Bellusci Regional Vocations Promoter for Western Canada Fr. Peace-Michael Mushimiyimana Regional Vocations Promoter [&hellip;]<\/p>\n","protected":false},"author":1,"featured_media":0,"parent":0,"menu_order":0,"comment_status":"closed","ping_status":"closed","template":"elementor_header_footer","meta":{"_acf_changed":false,"footnotes":""},"class_list":["post-3462","page","type-page","status-publish","hentry"],"acf":[],"_links":{"self":[{"href":"https:\/\/dominicains.ca\/en\/wp-json\/wp\/v2\/pages\/3462","targetHints":{"allow":["GET"]}}],"collection":[{"href":"https:\/\/dominicains.ca\/en\/wp-json\/wp\/v2\/pages"}],"about":[{"href":"https:\/\/dominicains.ca\/en\/wp-json\/wp\/v2\/types\/page"}],"author":[{"embeddable":true,"href":"https:\/\/dominicains.ca\/en\/wp-json\/wp\/v2\/users\/1"}],"replies":[{"embeddable":true,"href":"https:\/\/dominicains.ca\/en\/wp-json\/wp\/v2\/comments?post=3462"}],"version-history":[{"count":29,"href":"https:\/\/dominicains.ca\/en\/wp-json\/wp\/v2\/pages\/3462\/revisions"}],"predecessor-version":[{"id":5394,"href":"https:\/\/dominicains.ca\/en\/wp-json\/wp\/v2\/pages\/3462\/revisions\/5394"}],"wp:attachment":[{"href":"https:\/\/dominicains.ca\/en\/wp-json\/wp\/v2\/media?parent=3462"}],"curies":[{"name":"wp","href":"https:\/\/api.w.org\/{rel}","templated":true}]}}