{"id":3461,"date":"2024-09-11T03:19:52","date_gmt":"2024-09-11T01:19:52","guid":{"rendered":"https:\/\/dominicans.app\/news-archive\/"},"modified":"2024-09-25T22:11:31","modified_gmt":"2024-09-25T20:11:31","slug":"news-archive","status":"publish","type":"page","link":"https:\/\/dominicains.ca\/en\/news-archive\/","title":{"rendered":"News archive"},"content":{"rendered":"\t\t<div data-elementor-type=\"wp-page\" data-elementor-id=\"3461\" class=\"elementor elementor-3461 elementor-2182\">\n\t\t\t\t\t\t<section class=\"elementor-section elementor-top-section elementor-element elementor-element-315e2c21 elementor-section-height-min-height elementor-section-items-stretch elementor-section-boxed elementor-section-height-default\" data-id=\"315e2c21\" data-element_type=\"section\" data-settings=\"{&quot;jet_parallax_layout_list&quot;:[{&quot;jet_parallax_layout_image&quot;:{&quot;url&quot;:&quot;&quot;,&quot;id&quot;:&quot;&quot;,&quot;size&quot;:&quot;&quot;},&quot;_id&quot;:&quot;8ce434a&quot;,&quot;jet_parallax_layout_image_tablet&quot;:{&quot;url&quot;:&quot;&quot;,&quot;id&quot;:&quot;&quot;,&quot;size&quot;:&quot;&quot;},&quot;jet_parallax_layout_image_mobile&quot;:{&quot;url&quot;:&quot;&quot;,&quot;id&quot;:&quot;&quot;,&quot;size&quot;:&quot;&quot;},&quot;jet_parallax_layout_speed&quot;:{&quot;unit&quot;:&quot;%&quot;,&quot;size&quot;:&quot;50&quot;,&quot;sizes&quot;:[]},&quot;jet_parallax_layout_bg_x&quot;:&quot;50&quot;,&quot;jet_parallax_layout_bg_y&quot;:&quot;50&quot;,&quot;jet_parallax_layout_type&quot;:&quot;scroll&quot;,&quot;jet_parallax_layout_direction&quot;:null,&quot;jet_parallax_layout_fx_direction&quot;:null,&quot;jet_parallax_layout_z_index&quot;:&quot;&quot;,&quot;jet_parallax_layout_bg_x_tablet&quot;:&quot;&quot;,&quot;jet_parallax_layout_bg_x_mobile&quot;:&quot;&quot;,&quot;jet_parallax_layout_bg_y_tablet&quot;:&quot;&quot;,&quot;jet_parallax_layout_bg_y_mobile&quot;:&quot;&quot;,&quot;jet_parallax_layout_bg_size&quot;:&quot;auto&quot;,&quot;jet_parallax_layout_bg_size_tablet&quot;:&quot;&quot;,&quot;jet_parallax_layout_bg_size_mobile&quot;:&quot;&quot;,&quot;jet_parallax_layout_animation_prop&quot;:&quot;transform&quot;,&quot;jet_parallax_layout_on&quot;:[&quot;desktop&quot;,&quot;tablet&quot;]}],&quot;background_background&quot;:&quot;classic&quot;}\">\n\t\t\t\t\t\t\t<div class=\"elementor-background-overlay\"><\/div>\n\t\t\t\t\t\t\t<div class=\"elementor-container elementor-column-gap-default\">\n\t\t\t\t\t<div class=\"elementor-column elementor-col-100 elementor-top-column elementor-element elementor-element-7841b2cf\" data-id=\"7841b2cf\" data-element_type=\"column\">\n\t\t\t<div class=\"elementor-widget-wrap elementor-element-populated\">\n\t\t\t\t\t\t<div class=\"elementor-element elementor-element-7b801b89 elementor-align-center elementor-widget elementor-widget-raven-heading\" data-id=\"7b801b89\" data-element_type=\"widget\" data-widget_type=\"raven-heading.default\">\n\t\t\t\t<div class=\"elementor-widget-container\">\n\t\t\t\t\t<div class=\"raven-widget-wrapper\"><h1 class=\"raven-heading raven-heading-h1\"><span class=\"raven-heading-title \">News archive<\/span><\/h1><\/div>\n\t\t\t\t<\/div>\n\t\t\t\t<\/div>\n\t\t\t\t\t<\/div>\n\t\t<\/div>\n\t\t\t\t\t<\/div>\n\t\t<\/section>\n\t\t\t\t<section class=\"elementor-section elementor-top-section elementor-element elementor-element-67c570ef elementor-section-boxed elementor-section-height-default elementor-section-height-default\" data-id=\"67c570ef\" data-element_type=\"section\" data-settings=\"{&quot;jet_parallax_layout_list&quot;:[{&quot;jet_parallax_layout_image&quot;:{&quot;url&quot;:&quot;&quot;,&quot;id&quot;:&quot;&quot;,&quot;size&quot;:&quot;&quot;},&quot;_id&quot;:&quot;591779e&quot;,&quot;jet_parallax_layout_image_tablet&quot;:{&quot;url&quot;:&quot;&quot;,&quot;id&quot;:&quot;&quot;,&quot;size&quot;:&quot;&quot;},&quot;jet_parallax_layout_image_mobile&quot;:{&quot;url&quot;:&quot;&quot;,&quot;id&quot;:&quot;&quot;,&quot;size&quot;:&quot;&quot;},&quot;jet_parallax_layout_speed&quot;:{&quot;unit&quot;:&quot;%&quot;,&quot;size&quot;:&quot;50&quot;,&quot;sizes&quot;:[]},&quot;jet_parallax_layout_bg_x&quot;:&quot;50&quot;,&quot;jet_parallax_layout_bg_y&quot;:&quot;50&quot;,&quot;jet_parallax_layout_type&quot;:&quot;scroll&quot;,&quot;jet_parallax_layout_direction&quot;:null,&quot;jet_parallax_layout_fx_direction&quot;:null,&quot;jet_parallax_layout_z_index&quot;:&quot;&quot;,&quot;jet_parallax_layout_bg_x_tablet&quot;:&quot;&quot;,&quot;jet_parallax_layout_bg_x_mobile&quot;:&quot;&quot;,&quot;jet_parallax_layout_bg_y_tablet&quot;:&quot;&quot;,&quot;jet_parallax_layout_bg_y_mobile&quot;:&quot;&quot;,&quot;jet_parallax_layout_bg_size&quot;:&quot;auto&quot;,&quot;jet_parallax_layout_bg_size_tablet&quot;:&quot;&quot;,&quot;jet_parallax_layout_bg_size_mobile&quot;:&quot;&quot;,&quot;jet_parallax_layout_animation_prop&quot;:&quot;transform&quot;,&quot;jet_parallax_layout_on&quot;:[&quot;desktop&quot;,&quot;tablet&quot;]}]}\">\n\t\t\t\t\t\t<div class=\"elementor-container elementor-column-gap-default\">\n\t\t\t\t\t<div class=\"elementor-column elementor-col-100 elementor-top-column elementor-element elementor-element-1888ed7c\" data-id=\"1888ed7c\" data-element_type=\"column\">\n\t\t\t<div class=\"elementor-widget-wrap elementor-element-populated\">\n\t\t\t\t\t\t<div class=\"elementor-element elementor-element-3c03904 elementor-widget elementor-widget-raven-advanced-posts\" data-id=\"3c03904\" data-element_type=\"widget\" data-settings=\"{&quot;query_posts_per_page&quot;:5,&quot;columns&quot;:&quot;5&quot;,&quot;general_layout&quot;:&quot;grid&quot;,&quot;columns_tablet&quot;:&quot;2&quot;,&quot;columns_mobile&quot;:&quot;1&quot;,&quot;query_offset&quot;:0}\" data-widget_type=\"raven-advanced-posts.default\">\n\t\t\t\t<div class=\"elementor-widget-container\">\n\t\t\t\t\t<div class=\"raven-posts raven-posts-grid\">\n\t\t\t\t\t\t<div class=\"advanced-posts-content content-layout-under-image raven-grid raven-grid-5 raven-grid-mobile-1 raven-grid-tablet-2  \" data-post-id=\"3461\" data-archive-query=\"\">\n\t\t\t\t<div class=\"raven-posts-item raven-grid-item elementor-animation-grow \"><div class=\"raven-post-wrapper \"><div class=\"raven-post  \"><div class=\"raven-post-image-wrap\"><a class=\"raven-post-image raven-image-fit\" href=\"https:\/\/dominicains.ca\/en\/commitments-to-the-dominican-laity\/\"> <img fetchpriority=\"high\" decoding=\"async\" width=\"1024\" height=\"683\" src=\"https:\/\/dominicains.ca\/wp-content\/uploads\/2026\/03\/Kudos-Sylvie-Latreille-and-Renaldo-Batista-Dominican-laity-1024x683.jpg\" class=\"attachment-large size-large wp-image-5506\" alt=\"\" srcset=\"https:\/\/dominicains.ca\/wp-content\/uploads\/2026\/03\/Kudos-Sylvie-Latreille-and-Renaldo-Batista-Dominican-laity-1024x683.jpg 1024w, https:\/\/dominicains.ca\/wp-content\/uploads\/2026\/03\/Kudos-Sylvie-Latreille-and-Renaldo-Batista-Dominican-laity-300x200.jpg 300w, https:\/\/dominicains.ca\/wp-content\/uploads\/2026\/03\/Kudos-Sylvie-Latreille-and-Renaldo-Batista-Dominican-laity-768x512.jpg 768w, https:\/\/dominicains.ca\/wp-content\/uploads\/2026\/03\/Kudos-Sylvie-Latreille-and-Renaldo-Batista-Dominican-laity-1536x1024.jpg 1536w, https:\/\/dominicains.ca\/wp-content\/uploads\/2026\/03\/Kudos-Sylvie-Latreille-and-Renaldo-Batista-Dominican-laity.jpg 2048w\" sizes=\"(max-width: 1024px) 100vw, 1024px\" \/><span class=\"raven-post-image-overlay\"><\/span><\/a><\/div><div class=\"raven-post-content\"><div class=\"raven-post-meta\"><a class=\"raven-post-meta-item raven-post-date\" href=\"https:\/\/dominicains.ca\/en\/2026\/03\/\" rel=\"bookmark\">March 14, 2026<\/a><\/div><h3 class=\"raven-post-title\"><a class=\"raven-post-title-link\" href=\"https:\/\/dominicains.ca\/en\/commitments-to-the-dominican-laity\/\">Dominican Laity Commitment<\/a><\/h3><\/div><\/div><\/div><\/div><div class=\"raven-posts-item raven-grid-item elementor-animation-grow \"><div class=\"raven-post-wrapper \"><div class=\"raven-post  \"><div class=\"raven-post-image-wrap\"><a class=\"raven-post-image raven-image-fit\" href=\"https:\/\/dominicains.ca\/en\/feast-saint-thomas-aquinas\/\"> <img decoding=\"async\" width=\"481\" height=\"641\" src=\"https:\/\/dominicains.ca\/wp-content\/uploads\/2025\/01\/young-thomas-searching.jpg\" class=\"attachment-large size-large wp-image-4452\" alt=\"\" srcset=\"https:\/\/dominicains.ca\/wp-content\/uploads\/2025\/01\/young-thomas-searching.jpg 481w, https:\/\/dominicains.ca\/wp-content\/uploads\/2025\/01\/young-thomas-searching-225x300.jpg 225w\" sizes=\"(max-width: 481px) 100vw, 481px\" \/><span class=\"raven-post-image-overlay\"><\/span><\/a><\/div><div class=\"raven-post-content\"><div class=\"raven-post-meta\"><a class=\"raven-post-meta-item raven-post-date\" href=\"https:\/\/dominicains.ca\/en\/2026\/01\/\" rel=\"bookmark\">January 14, 2026<\/a><\/div><h3 class=\"raven-post-title\"><a class=\"raven-post-title-link\" href=\"https:\/\/dominicains.ca\/en\/feast-saint-thomas-aquinas\/\">Feast of Saint Thomas Aquinas<\/a><\/h3><\/div><\/div><\/div><\/div><div class=\"raven-posts-item raven-grid-item elementor-animation-grow \"><div class=\"raven-post-wrapper \"><div class=\"raven-post  \"><div class=\"raven-post-image-wrap\"><a class=\"raven-post-image raven-image-fit\" href=\"https:\/\/dominicains.ca\/en\/aquinas-lecture-2026\/\"> <img decoding=\"async\" width=\"155\" height=\"89\" src=\"https:\/\/dominicains.ca\/wp-content\/uploads\/2026\/01\/DIT-logo-1.jpg\" class=\"attachment-large size-large wp-image-5429\" alt=\"\" \/><span class=\"raven-post-image-overlay\"><\/span><\/a><\/div><div class=\"raven-post-content\"><div class=\"raven-post-meta\"><a class=\"raven-post-meta-item raven-post-date\" href=\"https:\/\/dominicains.ca\/en\/2026\/01\/\" rel=\"bookmark\">January 5, 2026<\/a><\/div><h3 class=\"raven-post-title\"><a class=\"raven-post-title-link\" href=\"https:\/\/dominicains.ca\/en\/aquinas-lecture-2026\/\">Aquinas Lecture 2026<\/a><\/h3><\/div><\/div><\/div><\/div><div class=\"raven-posts-item raven-grid-item elementor-animation-grow \"><div class=\"raven-post-wrapper \"><div class=\"raven-post  \"><div class=\"raven-post-image-wrap\"><a class=\"raven-post-image raven-image-fit\" href=\"https:\/\/dominicains.ca\/en\/rise-up-2025\/\"> <img loading=\"lazy\" decoding=\"async\" width=\"700\" height=\"525\" src=\"https:\/\/dominicains.ca\/wp-content\/uploads\/2026\/01\/1RiseUp2.jpg\" class=\"attachment-large size-large wp-image-5280\" alt=\"\" srcset=\"https:\/\/dominicains.ca\/wp-content\/uploads\/2026\/01\/1RiseUp2.jpg 700w, https:\/\/dominicains.ca\/wp-content\/uploads\/2026\/01\/1RiseUp2-300x225.jpg 300w\" sizes=\"(max-width: 700px) 100vw, 700px\" \/><span class=\"raven-post-image-overlay\"><\/span><\/a><\/div><div class=\"raven-post-content\"><div class=\"raven-post-meta\"><a class=\"raven-post-meta-item raven-post-date\" href=\"https:\/\/dominicains.ca\/en\/2026\/01\/\" rel=\"bookmark\">January 3, 2026<\/a><\/div><h3 class=\"raven-post-title\"><a class=\"raven-post-title-link\" href=\"https:\/\/dominicains.ca\/en\/rise-up-2025\/\">RISE UP 2025<\/a><\/h3><\/div><\/div><\/div><\/div><div class=\"raven-posts-item raven-grid-item elementor-animation-grow \"><div class=\"raven-post-wrapper \"><div class=\"raven-post  \"><div class=\"raven-post-image-wrap\"><a class=\"raven-post-image raven-image-fit\" href=\"https:\/\/dominicains.ca\/en\/renew-toronto\/\"> <img loading=\"lazy\" decoding=\"async\" width=\"527\" height=\"700\" src=\"https:\/\/dominicains.ca\/wp-content\/uploads\/2026\/01\/1Renew7.jpg\" class=\"attachment-large size-large wp-image-5253\" alt=\"\" srcset=\"https:\/\/dominicains.ca\/wp-content\/uploads\/2026\/01\/1Renew7.jpg 527w, https:\/\/dominicains.ca\/wp-content\/uploads\/2026\/01\/1Renew7-226x300.jpg 226w\" sizes=\"(max-width: 527px) 100vw, 527px\" \/><span class=\"raven-post-image-overlay\"><\/span><\/a><\/div><div class=\"raven-post-content\"><div class=\"raven-post-meta\"><a class=\"raven-post-meta-item raven-post-date\" href=\"https:\/\/dominicains.ca\/en\/2026\/01\/\" rel=\"bookmark\">January 3, 2026<\/a><\/div><h3 class=\"raven-post-title\"><a class=\"raven-post-title-link\" href=\"https:\/\/dominicains.ca\/en\/renew-toronto\/\">RENEW Toronto<\/a><\/h3><\/div><\/div><\/div><\/div>\t\t\t<\/div>\n\t\t\t\t\t<\/div>\n\t\t\t\t<\/div>\n\t\t\t\t<\/div>\n\t\t\t\t\t<\/div>\n\t\t<\/div>\n\t\t\t\t\t<\/div>\n\t\t<\/section>\n\t\t\t\t<\/div>\n\t\t","protected":false},"excerpt":{"rendered":"<p>septembre 10, 2024 Nouvelle profession religieuse pour notre Province septembre 9, 2024 \u00c9rection du nouveau vicariat de suisse de la province de France septembre 9, 2024 Nouveau prieur provincial pour la province d\u2019angleterre septembre 9, 2024 Le mois dominicain de la paix 2024 sera pour ha\u00efti ao\u00fbt 3, 2023 Entretien avec le p\u00e8re Jean-Michel Poffet, [&hellip;]<\/p>\n","protected":false},"author":1,"featured_media":0,"parent":0,"menu_order":0,"comment_status":"closed","ping_status":"closed","template":"elementor_header_footer","meta":{"_acf_changed":false,"footnotes":""},"class_list":["post-3461","page","type-page","status-publish","hentry"],"acf":[],"_links":{"self":[{"href":"https:\/\/dominicains.ca\/en\/wp-json\/wp\/v2\/pages\/3461","targetHints":{"allow":["GET"]}}],"collection":[{"href":"https:\/\/dominicains.ca\/en\/wp-json\/wp\/v2\/pages"}],"about":[{"href":"https:\/\/dominicains.ca\/en\/wp-json\/wp\/v2\/types\/page"}],"author":[{"embeddable":true,"href":"https:\/\/dominicains.ca\/en\/wp-json\/wp\/v2\/users\/1"}],"replies":[{"embeddable":true,"href":"https:\/\/dominicains.ca\/en\/wp-json\/wp\/v2\/comments?post=3461"}],"version-history":[{"count":2,"href":"https:\/\/dominicains.ca\/en\/wp-json\/wp\/v2\/pages\/3461\/revisions"}],"predecessor-version":[{"id":3469,"href":"https:\/\/dominicains.ca\/en\/wp-json\/wp\/v2\/pages\/3461\/revisions\/3469"}],"wp:attachment":[{"href":"https:\/\/dominicains.ca\/en\/wp-json\/wp\/v2\/media?parent=3461"}],"curies":[{"name":"wp","href":"https:\/\/api.w.org\/{rel}","templated":true}]}}